{"id":107,"date":"2021-12-28T10:45:14","date_gmt":"2021-12-28T10:45:14","guid":{"rendered":"https:\/\/www.digitalarttherapy.eu\/?page_id=107"},"modified":"2022-01-24T08:16:32","modified_gmt":"2022-01-24T08:16:32","slug":"high-on-life-martenique","status":"publish","type":"page","link":"https:\/\/www.digitalarttherapy.eu\/es\/high-on-life-martenique\/","title":{"rendered":"High on Life Martinique"},"content":{"rendered":"<div data-elementor-type=\"wp-page\" data-elementor-id=\"107\" class=\"elementor elementor-107\" data-elementor-settings=\"[]\">\n\t\t\t\t\t\t\t<div class=\"elementor-section-wrap\">\n\t\t\t\t\t\t\t<section class=\"elementor-section elementor-top-section elementor-element elementor-element-46a8964 elementor-section-boxed elementor-section-height-default elementor-section-height-default\" data-id=\"46a8964\" data-element_type=\"section\">\n\t\t\t\t\t\t<div class=\"elementor-container elementor-column-gap-default\">\n\t\t\t\t\t<div class=\"elementor-column elementor-col-100 elementor-top-column elementor-element elementor-element-860eac6\" data-id=\"860eac6\" data-element_type=\"column\">\n\t\t\t<div class=\"elementor-widget-wrap elementor-element-populated\">\n\t\t\t\t\t\t\t\t<div class=\"elementor-element elementor-element-a7f548f elementor-widget elementor-widget-text-editor\" data-id=\"a7f548f\" data-element_type=\"widget\" data-widget_type=\"text-editor.default\">\n\t\t\t\t<div class=\"elementor-widget-container\">\n\t\t\t<style>\/*! elementor - v3.5.2 - 22-12-2021 *\/\n.elementor-widget-text-editor.elementor-drop-cap-view-stacked .elementor-drop-cap{background-color:#818a91;color:#fff}.elementor-widget-text-editor.elementor-drop-cap-view-framed .elementor-drop-cap{color:#818a91;border:3px solid;background-color:transparent}.elementor-widget-text-editor:not(.elementor-drop-cap-view-default) .elementor-drop-cap{margin-top:8px}.elementor-widget-text-editor:not(.elementor-drop-cap-view-default) .elementor-drop-cap-letter{width:1em;height:1em}.elementor-widget-text-editor .elementor-drop-cap{float:left;text-align:center;line-height:1;font-size:50px}.elementor-widget-text-editor .elementor-drop-cap-letter{display:inline-block}<\/style>\t\t\t\t<p>High on life Martinique nace como antena de \"High on Life Global Network\", actualmente la red cuenta con antenas en Italia, Chile, Malta y Espa\u00f1a.<\/p><p>High on life es un movimiento de personas que aman viajar, explorar, conectarse con diferentes culturas y vivir todas las experiencias de nuestra vida con una actitud positiva.\nNuestra misi\u00f3n es crear un impacto positivo y duradero en las personas y en el mundo, \u00a1centr\u00e1ndonos en las nuevas generaciones! Todas las antenas de la red comparten los mismos objetivos, metas, misi\u00f3n y visi\u00f3n.   Creemos que los j\u00f3venes deben convertirse en una fuerza motriz en la construcci\u00f3n de la sociedad en la que viven y, por ello, creamos diversas oportunidades para ayudar a formar una generaci\u00f3n decidida a cambiar nuestros pa\u00edses y el mundo a mejor.\nNuestra forma de trabajar es integradora y proactiva, son los j\u00f3venes participantes quienes llevar\u00e1n a cabo e implementar\u00e1n nuestros futuros proyectos con nuestro apoyo y el de \"High on Life Global Network\"<\/p><p>High on Life Martinique es una ONG bien estructurada con todas las responsabilidades y funciones bien definidas en todo el equipo. Los miembros de nuestro equipo est\u00e1n altamente cualificados con diferentes formaciones y campos de estudio, y dotados de competencias en varios campos como el trabajo con j\u00f3venes, la educaci\u00f3n no formal, el esp\u00edritu empresarial, la comunicaci\u00f3n, los medios sociales, el medio ambiente, los derechos humanos, etc.\nSomos un grupo de j\u00f3venes con experiencia en programas europeos, el \u00e1mbito asociativo y el aprendizaje no formal. Queremos compartir nuestro esp\u00edritu inquieto con otros j\u00f3venes del Caribe, Europa y el Mundo.  Tenemos vocaci\u00f3n Internacional y ofrecemos a j\u00f3venes tanto de Martinica como de Europa unirse a nuestros proyectos.<\/p>\t\t\t\t\t\t<\/div>\n\t\t\t\t<\/div>\n\t\t\t\t\t<\/div>\n\t\t<\/div>\n\t\t\t\t\t\t\t<\/div>\n\t\t<\/section>\n\t\t\t\t\t\t<\/div>\n\t\t\t\t\t<\/div>","protected":false},"excerpt":{"rendered":"<p>High on life Martinique born as an antenna of \u201cHigh on Life Global Network\u201d, actually the network count with antennas in Italy, Chile, Malta and Spain. High on life is a movement of people who love to travel, explore, get connected with [&hellip;]<\/p>","protected":false},"author":1,"featured_media":0,"parent":0,"menu_order":0,"comment_status":"closed","ping_status":"closed","template":"","meta":[],"_links":{"self":[{"href":"https:\/\/www.digitalarttherapy.eu\/es\/wp-json\/wp\/v2\/pages\/107"}],"collection":[{"href":"https:\/\/www.digitalarttherapy.eu\/es\/wp-json\/wp\/v2\/pages"}],"about":[{"href":"https:\/\/www.digitalarttherapy.eu\/es\/wp-json\/wp\/v2\/types\/page"}],"author":[{"embeddable":true,"href":"https:\/\/www.digitalarttherapy.eu\/es\/wp-json\/wp\/v2\/users\/1"}],"replies":[{"embeddable":true,"href":"https:\/\/www.digitalarttherapy.eu\/es\/wp-json\/wp\/v2\/comments?post=107"}],"version-history":[{"count":6,"href":"https:\/\/www.digitalarttherapy.eu\/es\/wp-json\/wp\/v2\/pages\/107\/revisions"}],"predecessor-version":[{"id":221,"href":"https:\/\/www.digitalarttherapy.eu\/es\/wp-json\/wp\/v2\/pages\/107\/revisions\/221"}],"wp:attachment":[{"href":"https:\/\/www.digitalarttherapy.eu\/es\/wp-json\/wp\/v2\/media?parent=107"}],"curies":[{"name":"wp","href":"https:\/\/api.w.org\/{rel}","templated":true}]}}