{"id":111,"date":"2021-12-28T10:45:36","date_gmt":"2021-12-28T10:45:36","guid":{"rendered":"https:\/\/www.digitalarttherapy.eu\/?page_id=111"},"modified":"2023-02-20T10:03:28","modified_gmt":"2023-02-20T10:03:28","slug":"caribbean-education-and-culture-foundation","status":"publish","type":"page","link":"https:\/\/www.digitalarttherapy.eu\/es\/caribbean-education-and-culture-foundation\/","title":{"rendered":"Caribbean Education and Culture Foundation"},"content":{"rendered":"<div data-elementor-type=\"wp-page\" data-elementor-id=\"111\" class=\"elementor elementor-111\" data-elementor-settings=\"[]\">\n\t\t\t\t\t\t\t<div class=\"elementor-section-wrap\">\n\t\t\t\t\t\t\t<section class=\"elementor-section elementor-top-section elementor-element elementor-element-6931090 elementor-section-boxed elementor-section-height-default elementor-section-height-default\" data-id=\"6931090\" data-element_type=\"section\">\n\t\t\t\t\t\t<div class=\"elementor-container elementor-column-gap-default\">\n\t\t\t\t\t<div class=\"elementor-column elementor-col-100 elementor-top-column elementor-element elementor-element-3b93e7a\" data-id=\"3b93e7a\" data-element_type=\"column\">\n\t\t\t<div class=\"elementor-widget-wrap elementor-element-populated\">\n\t\t\t\t\t\t\t\t<div class=\"elementor-element elementor-element-c4b39ae elementor-widget elementor-widget-image\" data-id=\"c4b39ae\" data-element_type=\"widget\" data-widget_type=\"image.default\">\n\t\t\t\t<div class=\"elementor-widget-container\">\n\t\t\t<style>\/*! elementor - v3.5.2 - 22-12-2021 *\/\n.elementor-widget-image{text-align:center}.elementor-widget-image a{display:inline-block}.elementor-widget-image a img[src$=\".svg\"]{width:48px}.elementor-widget-image img{vertical-align:middle;display:inline-block}<\/style>\t\t\t\t\t\t\t\t\t\t\t\t<img loading=\"lazy\" width=\"768\" height=\"768\" src=\"https:\/\/www.digitalarttherapy.eu\/wp-content\/uploads\/2022\/03\/cecf_logo-768x768.jpeg\" class=\"attachment-medium_large size-medium_large\" alt=\"\" srcset=\"https:\/\/www.digitalarttherapy.eu\/wp-content\/uploads\/2022\/03\/cecf_logo-768x768.jpeg 768w, https:\/\/www.digitalarttherapy.eu\/wp-content\/uploads\/2022\/03\/cecf_logo-300x300.jpeg 300w, https:\/\/www.digitalarttherapy.eu\/wp-content\/uploads\/2022\/03\/cecf_logo-1024x1024.jpeg 1024w, https:\/\/www.digitalarttherapy.eu\/wp-content\/uploads\/2022\/03\/cecf_logo-150x150.jpeg 150w, https:\/\/www.digitalarttherapy.eu\/wp-content\/uploads\/2022\/03\/cecf_logo.jpeg 1448w\" sizes=\"(max-width: 768px) 100vw, 768px\" \/>\t\t\t\t\t\t\t\t\t\t\t\t\t\t\t<\/div>\n\t\t\t\t<\/div>\n\t\t\t\t\t<\/div>\n\t\t<\/div>\n\t\t\t\t\t\t\t<\/div>\n\t\t<\/section>\n\t\t\t\t<section class=\"elementor-section elementor-top-section elementor-element elementor-element-4f504ca elementor-section-boxed elementor-section-height-default elementor-section-height-default\" data-id=\"4f504ca\" data-element_type=\"section\">\n\t\t\t\t\t\t<div class=\"elementor-container elementor-column-gap-default\">\n\t\t\t\t\t<div class=\"elementor-column elementor-col-100 elementor-top-column elementor-element elementor-element-ebf2854\" data-id=\"ebf2854\" data-element_type=\"column\">\n\t\t\t<div class=\"elementor-widget-wrap elementor-element-populated\">\n\t\t\t\t\t\t\t\t<div class=\"elementor-element elementor-element-9dde4c8 elementor-widget elementor-widget-text-editor\" data-id=\"9dde4c8\" data-element_type=\"widget\" data-widget_type=\"text-editor.default\">\n\t\t\t\t<div class=\"elementor-widget-container\">\n\t\t\t<style>\/*! elementor - v3.5.2 - 22-12-2021 *\/\n.elementor-widget-text-editor.elementor-drop-cap-view-stacked .elementor-drop-cap{background-color:#818a91;color:#fff}.elementor-widget-text-editor.elementor-drop-cap-view-framed .elementor-drop-cap{color:#818a91;border:3px solid;background-color:transparent}.elementor-widget-text-editor:not(.elementor-drop-cap-view-default) .elementor-drop-cap{margin-top:8px}.elementor-widget-text-editor:not(.elementor-drop-cap-view-default) .elementor-drop-cap-letter{width:1em;height:1em}.elementor-widget-text-editor .elementor-drop-cap{float:left;text-align:center;line-height:1;font-size:50px}.elementor-widget-text-editor .elementor-drop-cap-letter{display:inline-block}<\/style>\t\t\t\t<p>La Fundaci\u00f3n Educativa y Cultural del Caribe (CECF) trabaja en las islas del Caribe y se estableci\u00f3 en San Mart\u00edn en 2017. Nuestra instituci\u00f3n ofrece una amplia gama de actividades para los j\u00f3venes del Caribe y Europa con el fin de promover el voluntariado, el di\u00e1logo intercultural y las oportunidades de educaci\u00f3n no formal.<\/p><p>La Fundaci\u00f3n Caribe\u00f1a para la Educaci\u00f3n y la Cultura se compromete e implementa acciones con el fin de:<\/p><ul><li>Contribuir a la vida social a trav\u00e9s de la participaci\u00f3n de j\u00f3venes voluntarios caribe\u00f1os y extranjeros en actividades y proyectos de inter\u00e9s general;<\/li><li>Transferir buenas pr\u00e1cticas de trabajo en los \u00e1mbitos del desarrollo regional, la educaci\u00f3n, las pol\u00edticas de minor\u00edas, las pol\u00edticas medioambientales, la protecci\u00f3n de la naturaleza, el programa de desarrollo econ\u00f3mico, la cultura-arte, la salud, el deporte;<\/li><li>Implementar proyectos educativos destinados a promover la ciudadan\u00eda activa entre las personas para una sociedad inclusiva y participativa, democr\u00e1tica y sostenible;<\/li><li>Fomentar la movilidad de personas e ideas a trav\u00e9s de intercambios internacionales con fines de conocimiento, entendimiento mutuo y paz;<\/li><li>Contribuir a la integraci\u00f3n de las diferentes comunidades que viven en otras regiones, especialmente en la zona del Caribe, caracterizada por profundas diferencias sociales y culturales;<\/li><li>Aumentar la participaci\u00f3n activa de los j\u00f3venes, los intercambios interculturales y la movilidad juvenil para que puedan desempe\u00f1ar plenamente su papel de ciudadanos activos, responsables y cr\u00edticos de la sociedad.<\/li><\/ul>\t\t\t\t\t\t<\/div>\n\t\t\t\t<\/div>\n\t\t\t\t\t<\/div>\n\t\t<\/div>\n\t\t\t\t\t\t\t<\/div>\n\t\t<\/section>\n\t\t\t\t\t\t<\/div>\n\t\t\t\t\t<\/div>","protected":false},"excerpt":{"rendered":"<p>Caribbean Education and Culture Foundation ( CECF ) is working in Caribbean Islands and established in St. Maarten in 2017. Our institution is providing wide range of activities for young people in Caribbean and Europe to promote volunteering, intercultural dialogue and non-formal [&hellip;]<\/p>","protected":false},"author":1,"featured_media":0,"parent":0,"menu_order":0,"comment_status":"closed","ping_status":"closed","template":"","meta":[],"_links":{"self":[{"href":"https:\/\/www.digitalarttherapy.eu\/es\/wp-json\/wp\/v2\/pages\/111"}],"collection":[{"href":"https:\/\/www.digitalarttherapy.eu\/es\/wp-json\/wp\/v2\/pages"}],"about":[{"href":"https:\/\/www.digitalarttherapy.eu\/es\/wp-json\/wp\/v2\/types\/page"}],"author":[{"embeddable":true,"href":"https:\/\/www.digitalarttherapy.eu\/es\/wp-json\/wp\/v2\/users\/1"}],"replies":[{"embeddable":true,"href":"https:\/\/www.digitalarttherapy.eu\/es\/wp-json\/wp\/v2\/comments?post=111"}],"version-history":[{"count":15,"href":"https:\/\/www.digitalarttherapy.eu\/es\/wp-json\/wp\/v2\/pages\/111\/revisions"}],"predecessor-version":[{"id":474,"href":"https:\/\/www.digitalarttherapy.eu\/es\/wp-json\/wp\/v2\/pages\/111\/revisions\/474"}],"wp:attachment":[{"href":"https:\/\/www.digitalarttherapy.eu\/es\/wp-json\/wp\/v2\/media?parent=111"}],"curies":[{"name":"wp","href":"https:\/\/api.w.org\/{rel}","templated":true}]}}