{"id":107,"date":"2021-12-28T10:45:14","date_gmt":"2021-12-28T10:45:14","guid":{"rendered":"https:\/\/www.digitalarttherapy.eu\/?page_id=107"},"modified":"2022-01-24T08:16:32","modified_gmt":"2022-01-24T08:16:32","slug":"high-on-life-martenique","status":"publish","type":"page","link":"https:\/\/www.digitalarttherapy.eu\/fr\/high-on-life-martenique\/","title":{"rendered":"High on Life Martinique"},"content":{"rendered":"<div data-elementor-type=\"wp-page\" data-elementor-id=\"107\" class=\"elementor elementor-107\" data-elementor-settings=\"[]\">\n\t\t\t\t\t\t\t<div class=\"elementor-section-wrap\">\n\t\t\t\t\t\t\t<section class=\"elementor-section elementor-top-section elementor-element elementor-element-46a8964 elementor-section-boxed elementor-section-height-default elementor-section-height-default\" data-id=\"46a8964\" data-element_type=\"section\">\n\t\t\t\t\t\t<div class=\"elementor-container elementor-column-gap-default\">\n\t\t\t\t\t<div class=\"elementor-column elementor-col-100 elementor-top-column elementor-element elementor-element-860eac6\" data-id=\"860eac6\" data-element_type=\"column\">\n\t\t\t<div class=\"elementor-widget-wrap elementor-element-populated\">\n\t\t\t\t\t\t\t\t<div class=\"elementor-element elementor-element-a7f548f elementor-widget elementor-widget-text-editor\" data-id=\"a7f548f\" data-element_type=\"widget\" data-widget_type=\"text-editor.default\">\n\t\t\t\t<div class=\"elementor-widget-container\">\n\t\t\t<style>\/*! elementor - v3.5.2 - 22-12-2021 *\/\n.elementor-widget-text-editor.elementor-drop-cap-view-stacked .elementor-drop-cap{background-color:#818a91;color:#fff}.elementor-widget-text-editor.elementor-drop-cap-view-framed .elementor-drop-cap{color:#818a91;border:3px solid;background-color:transparent}.elementor-widget-text-editor:not(.elementor-drop-cap-view-default) .elementor-drop-cap{margin-top:8px}.elementor-widget-text-editor:not(.elementor-drop-cap-view-default) .elementor-drop-cap-letter{width:1em;height:1em}.elementor-widget-text-editor .elementor-drop-cap{float:left;text-align:center;line-height:1;font-size:50px}.elementor-widget-text-editor .elementor-drop-cap-letter{display:inline-block}<\/style>\t\t\t\t<p>High on life Martinique est n\u00e9 comme une antenne de \"High on Life Global Network\", actuellement le r\u00e9seau compte avec des antennes en Italie, Chili, Malte et Espagne.<\/p><p>High on life est un mouvement de personnes qui aiment voyager, explorer, se connecter avec diff\u00e9rentes cultures et vivre toutes les exp\u00e9riences de notre vie avec une attitude positive. \nNotre mission est de cr\u00e9er un impact positif et durable sur les gens et le monde, en nous concentrant sur les nouvelles g\u00e9n\u00e9rations ! Toutes les antennes du r\u00e9seau partagent les m\u00eames objectifs, buts, mission et vision.   Nous pensons que les jeunes doivent devenir une force motrice dans la construction de la soci\u00e9t\u00e9 dans laquelle ils vivent et, par cons\u00e9quent, nous cr\u00e9ons diverses opportunit\u00e9s afin d'aider \u00e0 former une g\u00e9n\u00e9ration qui est d\u00e9termin\u00e9e \u00e0 changer nos pays et le monde pour le mieux.\nNotre fa\u00e7on de travailler est int\u00e9grative et proactive, ce sont les jeunes participants qui r\u00e9aliseront et mettront en \u0153uvre nos futurs projets avec notre soutien et celui de \"High on Life Global Network\".<\/p><p>High on Life Martinique est une ONG bien structur\u00e9e avec toutes les responsabilit\u00e9s et tous les r\u00f4les d\u00e9finis de mani\u00e8re comp\u00e9tente au sein de l'\u00e9quipe. Les membres de notre \u00e9quipe sont hautement qualifi\u00e9s avec des parcours et des domaines d'\u00e9tudes diff\u00e9rents, et dot\u00e9s de comp\u00e9tences dans plusieurs domaines tels que le travail avec les jeunes, l'\u00e9ducation non formelle, l'entrepreneuriat, la communication, les m\u00e9dias sociaux, l'environnement, les droits de l'homme, etc.\nNous sommes un groupe de jeunes ayant une exp\u00e9rience dans les programmes europ\u00e9ens, le domaine associatif et l'apprentissage non formel. Nous voulons partager notre esprit agit\u00e9 avec d'autres jeunes dans les pays d'outre-mer des Cara\u00efbes, en Europe et dans le monde.  Nous avons une vocation internationale et nous proposons aux jeunes de Martinique et d'Europe de rejoindre nos projets.\"<\/p>\t\t\t\t\t\t<\/div>\n\t\t\t\t<\/div>\n\t\t\t\t\t<\/div>\n\t\t<\/div>\n\t\t\t\t\t\t\t<\/div>\n\t\t<\/section>\n\t\t\t\t\t\t<\/div>\n\t\t\t\t\t<\/div>","protected":false},"excerpt":{"rendered":"<p>High on life Martinique born as an antenna of \u201cHigh on Life Global Network\u201d, actually the network count with antennas in Italy, Chile, Malta and Spain. High on life is a movement of people who love to travel, explore, get connected with [&hellip;]<\/p>","protected":false},"author":1,"featured_media":0,"parent":0,"menu_order":0,"comment_status":"closed","ping_status":"closed","template":"","meta":[],"_links":{"self":[{"href":"https:\/\/www.digitalarttherapy.eu\/fr\/wp-json\/wp\/v2\/pages\/107"}],"collection":[{"href":"https:\/\/www.digitalarttherapy.eu\/fr\/wp-json\/wp\/v2\/pages"}],"about":[{"href":"https:\/\/www.digitalarttherapy.eu\/fr\/wp-json\/wp\/v2\/types\/page"}],"author":[{"embeddable":true,"href":"https:\/\/www.digitalarttherapy.eu\/fr\/wp-json\/wp\/v2\/users\/1"}],"replies":[{"embeddable":true,"href":"https:\/\/www.digitalarttherapy.eu\/fr\/wp-json\/wp\/v2\/comments?post=107"}],"version-history":[{"count":6,"href":"https:\/\/www.digitalarttherapy.eu\/fr\/wp-json\/wp\/v2\/pages\/107\/revisions"}],"predecessor-version":[{"id":221,"href":"https:\/\/www.digitalarttherapy.eu\/fr\/wp-json\/wp\/v2\/pages\/107\/revisions\/221"}],"wp:attachment":[{"href":"https:\/\/www.digitalarttherapy.eu\/fr\/wp-json\/wp\/v2\/media?parent=107"}],"curies":[{"name":"wp","href":"https:\/\/api.w.org\/{rel}","templated":true}]}}