{"id":107,"date":"2021-12-28T10:45:14","date_gmt":"2021-12-28T10:45:14","guid":{"rendered":"https:\/\/www.digitalarttherapy.eu\/?page_id=107"},"modified":"2022-01-24T08:16:32","modified_gmt":"2022-01-24T08:16:32","slug":"high-on-life-martenique","status":"publish","type":"page","link":"https:\/\/www.digitalarttherapy.eu\/it\/high-on-life-martenique\/","title":{"rendered":"High on Life Martinique"},"content":{"rendered":"<div data-elementor-type=\"wp-page\" data-elementor-id=\"107\" class=\"elementor elementor-107\" data-elementor-settings=\"[]\">\n\t\t\t\t\t\t\t<div class=\"elementor-section-wrap\">\n\t\t\t\t\t\t\t<section class=\"elementor-section elementor-top-section elementor-element elementor-element-46a8964 elementor-section-boxed elementor-section-height-default elementor-section-height-default\" data-id=\"46a8964\" data-element_type=\"section\">\n\t\t\t\t\t\t<div class=\"elementor-container elementor-column-gap-default\">\n\t\t\t\t\t<div class=\"elementor-column elementor-col-100 elementor-top-column elementor-element elementor-element-860eac6\" data-id=\"860eac6\" data-element_type=\"column\">\n\t\t\t<div class=\"elementor-widget-wrap elementor-element-populated\">\n\t\t\t\t\t\t\t\t<div class=\"elementor-element elementor-element-a7f548f elementor-widget elementor-widget-text-editor\" data-id=\"a7f548f\" data-element_type=\"widget\" data-widget_type=\"text-editor.default\">\n\t\t\t\t<div class=\"elementor-widget-container\">\n\t\t\t<style>\/*! elementor - v3.5.2 - 22-12-2021 *\/\n.elementor-widget-text-editor.elementor-drop-cap-view-stacked .elementor-drop-cap{background-color:#818a91;color:#fff}.elementor-widget-text-editor.elementor-drop-cap-view-framed .elementor-drop-cap{color:#818a91;border:3px solid;background-color:transparent}.elementor-widget-text-editor:not(.elementor-drop-cap-view-default) .elementor-drop-cap{margin-top:8px}.elementor-widget-text-editor:not(.elementor-drop-cap-view-default) .elementor-drop-cap-letter{width:1em;height:1em}.elementor-widget-text-editor .elementor-drop-cap{float:left;text-align:center;line-height:1;font-size:50px}.elementor-widget-text-editor .elementor-drop-cap-letter{display:inline-block}<\/style>\t\t\t\t<p>High on life Martinica nato come un'antenna di \"High on Life Global Network\", al momento la rete conta antenne in Italia, Cile, Malta e Spagna.<\/p><p>High on life \u00e8 un movimento di persone che amano viaggiare, esplorare, ottenere collegato con diverse culture e vivere tutte le esperienze della nostra vita con un atteggiamento positivo. \nLa nostra missione \u00e8 quella di creare un impatto positivo e duraturo sulle persone e sul mondo, concentrandoci sulle nuove generazioni! Tutte le antenne della rete condividono gli stessi scopi, obiettivi, missione e visione. Crediamo che i giovani debbano diventare una forza trainante nella costruzione della societ\u00e0 in cui vivono e quindi creiamo varie opportunit\u00e0 per contribuire a formare una generazione che \u00e8 determinata a cambiare i nostri paesi e il mondo in meglio.\nIl nostro modo di lavorare \u00e8 integrativo e proattivo, sono i giovani partecipanti che porteranno avanti e realizzeranno i nostri progetti futuri con il nostro appoggio e il sostegno di \"High on Life Global Network<\/p><p>High on Life Martinica \u00e8 una ONG ben strutturata con tutte le responsabilit\u00e0 e i ruoli competenti definiti all'interno del team. I membri del nostro team sono altamente qualificati con diversi background e ambiti di studio, e dotati di competenze in diversi campi come il lavoro giovanile, l'educazione non formale, l'imprenditorialit\u00e0, la comunicazione, i social media, l'ambiente, i diritti umani, ecc.\nSiamo un gruppo di giovani con esperienza in programmi europei, nell'ambito associativo e nell'apprendimento non formale. Vogliamo condividere il nostro spirito instancabile con altri giovani nei paesi caraibici d'oltremare, in Europa e nel mondo.  Abbiamo una vocazione internazionale e offriamo ai giovani della Martinica e dell'Europa di unirsi ai nostri progetti.<\/p>\t\t\t\t\t\t<\/div>\n\t\t\t\t<\/div>\n\t\t\t\t\t<\/div>\n\t\t<\/div>\n\t\t\t\t\t\t\t<\/div>\n\t\t<\/section>\n\t\t\t\t\t\t<\/div>\n\t\t\t\t\t<\/div>","protected":false},"excerpt":{"rendered":"<p>High on life Martinique born as an antenna of \u201cHigh on Life Global Network\u201d, actually the network count with antennas in Italy, Chile, Malta and Spain. High on life is a movement of people who love to travel, explore, get connected with [&hellip;]<\/p>","protected":false},"author":1,"featured_media":0,"parent":0,"menu_order":0,"comment_status":"closed","ping_status":"closed","template":"","meta":[],"_links":{"self":[{"href":"https:\/\/www.digitalarttherapy.eu\/it\/wp-json\/wp\/v2\/pages\/107"}],"collection":[{"href":"https:\/\/www.digitalarttherapy.eu\/it\/wp-json\/wp\/v2\/pages"}],"about":[{"href":"https:\/\/www.digitalarttherapy.eu\/it\/wp-json\/wp\/v2\/types\/page"}],"author":[{"embeddable":true,"href":"https:\/\/www.digitalarttherapy.eu\/it\/wp-json\/wp\/v2\/users\/1"}],"replies":[{"embeddable":true,"href":"https:\/\/www.digitalarttherapy.eu\/it\/wp-json\/wp\/v2\/comments?post=107"}],"version-history":[{"count":6,"href":"https:\/\/www.digitalarttherapy.eu\/it\/wp-json\/wp\/v2\/pages\/107\/revisions"}],"predecessor-version":[{"id":221,"href":"https:\/\/www.digitalarttherapy.eu\/it\/wp-json\/wp\/v2\/pages\/107\/revisions\/221"}],"wp:attachment":[{"href":"https:\/\/www.digitalarttherapy.eu\/it\/wp-json\/wp\/v2\/media?parent=107"}],"curies":[{"name":"wp","href":"https:\/\/api.w.org\/{rel}","templated":true}]}}