{"id":111,"date":"2021-12-28T10:45:36","date_gmt":"2021-12-28T10:45:36","guid":{"rendered":"https:\/\/www.digitalarttherapy.eu\/?page_id=111"},"modified":"2023-02-20T10:03:28","modified_gmt":"2023-02-20T10:03:28","slug":"caribbean-education-and-culture-foundation","status":"publish","type":"page","link":"https:\/\/www.digitalarttherapy.eu\/it\/caribbean-education-and-culture-foundation\/","title":{"rendered":"Caribbean Education and Culture Foundation"},"content":{"rendered":"<div data-elementor-type=\"wp-page\" data-elementor-id=\"111\" class=\"elementor elementor-111\" data-elementor-settings=\"[]\">\n\t\t\t\t\t\t\t<div class=\"elementor-section-wrap\">\n\t\t\t\t\t\t\t<section class=\"elementor-section elementor-top-section elementor-element elementor-element-6931090 elementor-section-boxed elementor-section-height-default elementor-section-height-default\" data-id=\"6931090\" data-element_type=\"section\">\n\t\t\t\t\t\t<div class=\"elementor-container elementor-column-gap-default\">\n\t\t\t\t\t<div class=\"elementor-column elementor-col-100 elementor-top-column elementor-element elementor-element-3b93e7a\" data-id=\"3b93e7a\" data-element_type=\"column\">\n\t\t\t<div class=\"elementor-widget-wrap elementor-element-populated\">\n\t\t\t\t\t\t\t\t<div class=\"elementor-element elementor-element-c4b39ae elementor-widget elementor-widget-image\" data-id=\"c4b39ae\" data-element_type=\"widget\" data-widget_type=\"image.default\">\n\t\t\t\t<div class=\"elementor-widget-container\">\n\t\t\t<style>\/*! elementor - v3.5.2 - 22-12-2021 *\/\n.elementor-widget-image{text-align:center}.elementor-widget-image a{display:inline-block}.elementor-widget-image a img[src$=\".svg\"]{width:48px}.elementor-widget-image img{vertical-align:middle;display:inline-block}<\/style>\t\t\t\t\t\t\t\t\t\t\t\t<img loading=\"lazy\" width=\"768\" height=\"768\" src=\"https:\/\/www.digitalarttherapy.eu\/wp-content\/uploads\/2022\/03\/cecf_logo-768x768.jpeg\" class=\"attachment-medium_large size-medium_large\" alt=\"\" srcset=\"https:\/\/www.digitalarttherapy.eu\/wp-content\/uploads\/2022\/03\/cecf_logo-768x768.jpeg 768w, https:\/\/www.digitalarttherapy.eu\/wp-content\/uploads\/2022\/03\/cecf_logo-300x300.jpeg 300w, https:\/\/www.digitalarttherapy.eu\/wp-content\/uploads\/2022\/03\/cecf_logo-1024x1024.jpeg 1024w, https:\/\/www.digitalarttherapy.eu\/wp-content\/uploads\/2022\/03\/cecf_logo-150x150.jpeg 150w, https:\/\/www.digitalarttherapy.eu\/wp-content\/uploads\/2022\/03\/cecf_logo.jpeg 1448w\" sizes=\"(max-width: 768px) 100vw, 768px\" \/>\t\t\t\t\t\t\t\t\t\t\t\t\t\t\t<\/div>\n\t\t\t\t<\/div>\n\t\t\t\t\t<\/div>\n\t\t<\/div>\n\t\t\t\t\t\t\t<\/div>\n\t\t<\/section>\n\t\t\t\t<section class=\"elementor-section elementor-top-section elementor-element elementor-element-4f504ca elementor-section-boxed elementor-section-height-default elementor-section-height-default\" data-id=\"4f504ca\" data-element_type=\"section\">\n\t\t\t\t\t\t<div class=\"elementor-container elementor-column-gap-default\">\n\t\t\t\t\t<div class=\"elementor-column elementor-col-100 elementor-top-column elementor-element elementor-element-ebf2854\" data-id=\"ebf2854\" data-element_type=\"column\">\n\t\t\t<div class=\"elementor-widget-wrap elementor-element-populated\">\n\t\t\t\t\t\t\t\t<div class=\"elementor-element elementor-element-9dde4c8 elementor-widget elementor-widget-text-editor\" data-id=\"9dde4c8\" data-element_type=\"widget\" data-widget_type=\"text-editor.default\">\n\t\t\t\t<div class=\"elementor-widget-container\">\n\t\t\t<style>\/*! elementor - v3.5.2 - 22-12-2021 *\/\n.elementor-widget-text-editor.elementor-drop-cap-view-stacked .elementor-drop-cap{background-color:#818a91;color:#fff}.elementor-widget-text-editor.elementor-drop-cap-view-framed .elementor-drop-cap{color:#818a91;border:3px solid;background-color:transparent}.elementor-widget-text-editor:not(.elementor-drop-cap-view-default) .elementor-drop-cap{margin-top:8px}.elementor-widget-text-editor:not(.elementor-drop-cap-view-default) .elementor-drop-cap-letter{width:1em;height:1em}.elementor-widget-text-editor .elementor-drop-cap{float:left;text-align:center;line-height:1;font-size:50px}.elementor-widget-text-editor .elementor-drop-cap-letter{display:inline-block}<\/style>\t\t\t\t<p>Caribbean Education and Culture Foundation ( CECF ) opera nelle isole dei Caraibi ed \u00e8 stata fondata a St. Maarten nel 2017. La nostra istituzione fornisce una vasta gamma di attivit\u00e0 per i giovani nei Caraibi e in Europa per promuovere il volontariato, il dialogo interculturale e le opportunit\u00e0 di educazione non ufficiale.<\/p><p>Caribbean Education and Culture Foundation coinvolge e effettua attivit\u00e0 al fine di :<\/p><ul><li>Contribuire alla vita sociale attraverso la partecipazione di giovani caraibici e volontari stranieri ad attivit\u00e0 e progetti di interesse generale;<\/li><li>Trasferire buone pratiche di lavoro negli ambiti dello sviluppo regionale, dell'educazione, delle politiche per le minoranze, delle politiche ambientali, della protezione della natura, del programma di sviluppo economico, di arte e cultura, salute, dello sport;<\/li><li>Implementare progetti educativi che mirano a promuovere la partecipazione cittadina attiva tra le persone per una societ\u00e0 inclusiva e partecipativa, democratica e sostenibile;<\/li><li>Implementare progetti educativi che mirano a promuovere la partecipazione cittadina attiva tra le persone per una societ\u00e0 inclusiva e partecipativa, democratica e sostenibile;<\/li><li>Incoraggiare la mobilit\u00e0 delle persone e delle idee attraverso scambi internazionali per la conoscenza, la comprensione reciproca e la pace;<\/li><li>Aumentare la partecipazione attiva dei giovani, gli scambi interculturali, la mobilit\u00e0 giovanile per permettere ai giovani di svolgere pienamente il loro ruolo di cittadini attivi, responsabili e critici nei confronti della societ\u00e0.<\/li><\/ul>\t\t\t\t\t\t<\/div>\n\t\t\t\t<\/div>\n\t\t\t\t\t<\/div>\n\t\t<\/div>\n\t\t\t\t\t\t\t<\/div>\n\t\t<\/section>\n\t\t\t\t\t\t<\/div>\n\t\t\t\t\t<\/div>","protected":false},"excerpt":{"rendered":"<p>Caribbean Education and Culture Foundation ( CECF ) is working in Caribbean Islands and established in St. Maarten in 2017. Our institution is providing wide range of activities for young people in Caribbean and Europe to promote volunteering, intercultural dialogue and non-formal [&hellip;]<\/p>","protected":false},"author":1,"featured_media":0,"parent":0,"menu_order":0,"comment_status":"closed","ping_status":"closed","template":"","meta":[],"_links":{"self":[{"href":"https:\/\/www.digitalarttherapy.eu\/it\/wp-json\/wp\/v2\/pages\/111"}],"collection":[{"href":"https:\/\/www.digitalarttherapy.eu\/it\/wp-json\/wp\/v2\/pages"}],"about":[{"href":"https:\/\/www.digitalarttherapy.eu\/it\/wp-json\/wp\/v2\/types\/page"}],"author":[{"embeddable":true,"href":"https:\/\/www.digitalarttherapy.eu\/it\/wp-json\/wp\/v2\/users\/1"}],"replies":[{"embeddable":true,"href":"https:\/\/www.digitalarttherapy.eu\/it\/wp-json\/wp\/v2\/comments?post=111"}],"version-history":[{"count":15,"href":"https:\/\/www.digitalarttherapy.eu\/it\/wp-json\/wp\/v2\/pages\/111\/revisions"}],"predecessor-version":[{"id":474,"href":"https:\/\/www.digitalarttherapy.eu\/it\/wp-json\/wp\/v2\/pages\/111\/revisions\/474"}],"wp:attachment":[{"href":"https:\/\/www.digitalarttherapy.eu\/it\/wp-json\/wp\/v2\/media?parent=111"}],"curies":[{"name":"wp","href":"https:\/\/api.w.org\/{rel}","templated":true}]}}