{"id":427,"date":"2023-01-16T09:48:10","date_gmt":"2023-01-16T09:48:10","guid":{"rendered":"https:\/\/www.digitalarttherapy.eu\/?page_id=427"},"modified":"2023-01-16T10:03:53","modified_gmt":"2023-01-16T10:03:53","slug":"terms-and-conditions-app","status":"publish","type":"page","link":"https:\/\/www.digitalarttherapy.eu\/it\/terms-and-conditions-app\/","title":{"rendered":"Per Termini e condizioni"},"content":{"rendered":"<div data-elementor-type=\"wp-page\" data-elementor-id=\"427\" class=\"elementor elementor-427\" data-elementor-settings=\"[]\">\n\t\t\t\t\t\t\t<div class=\"elementor-section-wrap\">\n\t\t\t\t\t\t\t<section class=\"elementor-section elementor-top-section elementor-element elementor-element-6b90eb7 elementor-section-boxed elementor-section-height-default elementor-section-height-default\" data-id=\"6b90eb7\" data-element_type=\"section\">\n\t\t\t\t\t\t<div class=\"elementor-container elementor-column-gap-default\">\n\t\t\t\t\t<div class=\"elementor-column elementor-col-100 elementor-top-column elementor-element elementor-element-5fb7778\" data-id=\"5fb7778\" data-element_type=\"column\">\n\t\t\t<div class=\"elementor-widget-wrap elementor-element-populated\">\n\t\t\t\t\t\t\t\t<div class=\"elementor-element elementor-element-8f71e58 elementor-widget elementor-widget-text-editor\" data-id=\"8f71e58\" data-element_type=\"widget\" data-widget_type=\"text-editor.default\">\n\t\t\t\t<div class=\"elementor-widget-container\">\n\t\t\t<style>\/*! elementor - v3.5.2 - 22-12-2021 *\/\n.elementor-widget-text-editor.elementor-drop-cap-view-stacked .elementor-drop-cap{background-color:#818a91;color:#fff}.elementor-widget-text-editor.elementor-drop-cap-view-framed .elementor-drop-cap{color:#818a91;border:3px solid;background-color:transparent}.elementor-widget-text-editor:not(.elementor-drop-cap-view-default) .elementor-drop-cap{margin-top:8px}.elementor-widget-text-editor:not(.elementor-drop-cap-view-default) .elementor-drop-cap-letter{width:1em;height:1em}.elementor-widget-text-editor .elementor-drop-cap{float:left;text-align:center;line-height:1;font-size:50px}.elementor-widget-text-editor .elementor-drop-cap-letter{display:inline-block}<\/style>\t\t\t\t<p>Ultimo aggiornamento: 28 dicembre 2022<\/p><p>Si prega di leggere attentamente i presenti termini e condizioni prima di utilizzare il Nostro Servizio.<\/p>\t\t\t\t\t\t<\/div>\n\t\t\t\t<\/div>\n\t\t\t\t<div class=\"elementor-element elementor-element-b408525 elementor-widget elementor-widget-heading\" data-id=\"b408525\" data-element_type=\"widget\" data-widget_type=\"heading.default\">\n\t\t\t\t<div class=\"elementor-widget-container\">\n\t\t\t<style>\/*! elementor - v3.5.2 - 22-12-2021 *\/\n.elementor-heading-title{padding:0;margin:0;line-height:1}.elementor-widget-heading .elementor-heading-title[class*=elementor-size-]>a{color:inherit;font-size:inherit;line-height:inherit}.elementor-widget-heading .elementor-heading-title.elementor-size-small{font-size:15px}.elementor-widget-heading .elementor-heading-title.elementor-size-medium{font-size:19px}.elementor-widget-heading .elementor-heading-title.elementor-size-large{font-size:29px}.elementor-widget-heading .elementor-heading-title.elementor-size-xl{font-size:39px}.elementor-widget-heading .elementor-heading-title.elementor-size-xxl{font-size:59px}<\/style><h3 class=\"elementor-heading-title elementor-size-default\">Interpretazione e definizioni<\/h3>\t\t<\/div>\n\t\t\t\t<\/div>\n\t\t\t\t<div class=\"elementor-element elementor-element-11da3d6 elementor-widget elementor-widget-heading\" data-id=\"11da3d6\" data-element_type=\"widget\" data-widget_type=\"heading.default\">\n\t\t\t\t<div class=\"elementor-widget-container\">\n\t\t\t<h4 class=\"elementor-heading-title elementor-size-default\">Interpretazione<\/h4>\t\t<\/div>\n\t\t\t\t<\/div>\n\t\t\t\t<div class=\"elementor-element elementor-element-d22d6d4 elementor-widget elementor-widget-text-editor\" data-id=\"d22d6d4\" data-element_type=\"widget\" data-widget_type=\"text-editor.default\">\n\t\t\t\t<div class=\"elementor-widget-container\">\n\t\t\t\t\t\t\t<p>Le parole la cui lettera iniziale \u00e8 maiuscola hanno il significato definito nelle seguenti condizioni. Le seguenti definizioni hanno lo stesso significato indipendentemente dal fatto che appaiano al singolare o al plurale.<\/p>\t\t\t\t\t\t<\/div>\n\t\t\t\t<\/div>\n\t\t\t\t<div class=\"elementor-element elementor-element-033c443 elementor-widget elementor-widget-heading\" data-id=\"033c443\" data-element_type=\"widget\" data-widget_type=\"heading.default\">\n\t\t\t\t<div class=\"elementor-widget-container\">\n\t\t\t<h4 class=\"elementor-heading-title elementor-size-default\">Definizioni<\/h4>\t\t<\/div>\n\t\t\t\t<\/div>\n\t\t\t\t<div class=\"elementor-element elementor-element-1424aff elementor-widget elementor-widget-text-editor\" data-id=\"1424aff\" data-element_type=\"widget\" data-widget_type=\"text-editor.default\">\n\t\t\t\t<div class=\"elementor-widget-container\">\n\t\t\t\t\t\t\t<p>Ai fini dei presenti Termini e Condizioni:<\/p><ul><li><b>Per Applicazione<\/b> si intende il programma software fornito dalla Societ\u00e0 e scaricato dall'Utente su qualsiasi dispositivo elettronico, denominato Digital Art Therapy.<\/li><li><b>Application Store<\/b> indica il servizio di distribuzione digitale gestito e sviluppato da Apple Inc. (Apple App Store) o Google Inc. (Google Play Store) in cui \u00e8 stata scaricata l'Applicazione.<\/li><li><b>Per affiliata<\/b> si intende un'entit\u00e0 che controlla, \u00e8 controllata o \u00e8 sottoposta a controllo comune con una parte, dove per \"controllo\" si intende la propriet\u00e0 del 50% o pi\u00f9 delle azioni, delle partecipazioni o di altri titoli che danno diritto di voto per l'elezione degli amministratori o di altri poteri di gestione.<\/li><li><b>Il Paese<\/b> si riferisce a: Francia<\/li><li><b>La Societ\u00e0<\/b> (indicata come \"la Societ\u00e0\", \"Noi\", \"Ci\" o \"Nostro\" nel presente Contratto) si riferisce a High on Life Martinique, 41 R\u00e9sidence de la Principaut\u00e9, Chateauboeuf, 97200 Fort de France, Martinica.<\/li><li><b>Per dispositivo<\/b> si intende qualsiasi dispositivo in grado di accedere al Servizio, come un computer, un telefono cellulare o un tablet.<\/li><li><b>Il servizio<\/b> si riferisce all'applicazione.<\/li><li><b>Per Termini e condizioni<\/b> (anche \"Termini\") si intendono i presenti Termini e condizioni che costituiscono l'intero accordo tra l'Utente e la Societ\u00e0 in merito all'utilizzo del Servizio. Il presente contratto di Termini e Condizioni \u00e8 stato creato con l'aiuto del Generatore di Termini e Condizioni. <a href=\"https:\/\/www.privacypolicies.com\/terms-conditions-generator\/\">Terms and Conditions Generator<\/a>.<\/li><li><b>Per Servizio di social media di terze parti<\/b> si intende qualsiasi servizio o contenuto (compresi dati, informazioni, prodotti o servizi) fornito da terzi che pu\u00f2 essere visualizzato, incluso o reso disponibile dal Servizio.<\/li><li><b>Per utente<\/b> si intende l'individuo che accede o utilizza il Servizio, o la societ\u00e0 o altra persona giuridica per conto della quale tale individuo accede o utilizza il Servizio, a seconda dei casi.<\/li><\/ul>\t\t\t\t\t\t<\/div>\n\t\t\t\t<\/div>\n\t\t\t\t<div class=\"elementor-element elementor-element-6208149 elementor-widget elementor-widget-heading\" data-id=\"6208149\" data-element_type=\"widget\" data-widget_type=\"heading.default\">\n\t\t\t\t<div class=\"elementor-widget-container\">\n\t\t\t<h3 class=\"elementor-heading-title elementor-size-default\">Riconoscimento<\/h3>\t\t<\/div>\n\t\t\t\t<\/div>\n\t\t\t\t<div class=\"elementor-element elementor-element-8a98bd1 elementor-widget elementor-widget-text-editor\" data-id=\"8a98bd1\" data-element_type=\"widget\" data-widget_type=\"text-editor.default\">\n\t\t\t\t<div class=\"elementor-widget-container\">\n\t\t\t\t\t\t\t<p>Questi sono i Termini e le Condizioni che regolano l'uso di questo Servizio e l'accordo che intercorre tra l'Utente e la Societ\u00e0. I presenti Termini e condizioni stabiliscono i diritti e gli obblighi di tutti gli utenti in merito all'utilizzo del Servizio.<\/p><p>L'accesso e l'utilizzo del Servizio da parte dell'utente sono subordinati all'accettazione e al rispetto dei presenti Termini e condizioni. I presenti Termini e condizioni si applicano a tutti i visitatori, utenti e altri soggetti che accedono o utilizzano il Servizio.<\/p><p>Accedendo o utilizzando il Servizio, l'Utente accetta di essere vincolato dai presenti Termini e condizioni. Se l'Utente non \u00e8 d'accordo con una qualsiasi parte dei presenti Termini e condizioni, non pu\u00f2 accedere al Servizio.<\/p><p>L'utente dichiara di avere pi\u00f9 di 18 anni. La Societ\u00e0 non consente ai minori di 18 anni di utilizzare il Servizio.<\/p><p>L'accesso e l'utilizzo del Servizio da parte dell'Utente sono inoltre subordinati all'accettazione e al rispetto della Politica sulla privacy della Societ\u00e0. La nostra Informativa sulla privacy descrive le nostre politiche e procedure sulla raccolta, l'utilizzo e la divulgazione dei dati personali dell'Utente quando utilizza l'Applicazione o il Sito web e informa l'Utente sui suoi diritti alla privacy e su come la legge lo protegge. Si prega di leggere attentamente la nostra Informativa sulla privacy prima di utilizzare il nostro Servizio.<\/p>\t\t\t\t\t\t<\/div>\n\t\t\t\t<\/div>\n\t\t\t\t<div class=\"elementor-element elementor-element-fd80ce7 elementor-widget elementor-widget-heading\" data-id=\"fd80ce7\" data-element_type=\"widget\" data-widget_type=\"heading.default\">\n\t\t\t\t<div class=\"elementor-widget-container\">\n\t\t\t<h3 class=\"elementor-heading-title elementor-size-default\">Link ad altri siti web<\/h3>\t\t<\/div>\n\t\t\t\t<\/div>\n\t\t\t\t<div class=\"elementor-element elementor-element-5cf30ad elementor-widget elementor-widget-text-editor\" data-id=\"5cf30ad\" data-element_type=\"widget\" data-widget_type=\"text-editor.default\">\n\t\t\t\t<div class=\"elementor-widget-container\">\n\t\t\t\t\t\t\t<p>Il nostro Servizio pu\u00f2 contenere link a siti web o servizi di terzi che non sono di propriet\u00e0 o controllati dalla Societ\u00e0.<\/p><p>La Societ\u00e0 non ha alcun controllo e non si assume alcuna responsabilit\u00e0 per il contenuto, le politiche sulla privacy o le pratiche di qualsiasi sito web o servizio di terzi. L'utente riconosce e accetta inoltre che la Societ\u00e0 non sar\u00e0 responsabile, direttamente o indirettamente, per eventuali danni o perdite causati o che si presume possano essere causati da o in connessione con l'uso o l'affidamento su tali contenuti, beni o servizi disponibili su o attraverso tali siti web o servizi.<\/p><p>Consigliamo vivamente all'Utente di leggere i termini e le condizioni e le politiche sulla privacy di qualsiasi sito o servizio web di terzi che l'Utente visita.<\/p>\t\t\t\t\t\t<\/div>\n\t\t\t\t<\/div>\n\t\t\t\t<div class=\"elementor-element elementor-element-f8e4dfa elementor-widget elementor-widget-heading\" data-id=\"f8e4dfa\" data-element_type=\"widget\" data-widget_type=\"heading.default\">\n\t\t\t\t<div class=\"elementor-widget-container\">\n\t\t\t<h3 class=\"elementor-heading-title elementor-size-default\">Termine<\/h3>\t\t<\/div>\n\t\t\t\t<\/div>\n\t\t\t\t<div class=\"elementor-element elementor-element-0bde142 elementor-widget elementor-widget-text-editor\" data-id=\"0bde142\" data-element_type=\"widget\" data-widget_type=\"text-editor.default\">\n\t\t\t\t<div class=\"elementor-widget-container\">\n\t\t\t\t\t\t\t<p>Possiamo interrompere o sospendere l'accesso dell'Utente immediatamente, senza preavviso o responsabilit\u00e0, per qualsiasi motivo, incluso, senza limitazione, se l'Utente viola i presenti Termini e condizioni.<\/p><p>In caso di cessazione, il diritto dell'Utente di utilizzare il Servizio cesser\u00e0 immediatamente.<\/p>\t\t\t\t\t\t<\/div>\n\t\t\t\t<\/div>\n\t\t\t\t<div class=\"elementor-element elementor-element-9288320 elementor-widget elementor-widget-heading\" data-id=\"9288320\" data-element_type=\"widget\" data-widget_type=\"heading.default\">\n\t\t\t\t<div class=\"elementor-widget-container\">\n\t\t\t<h3 class=\"elementor-heading-title elementor-size-default\">Limitazione di responsabilit\u00e0<\/h3>\t\t<\/div>\n\t\t\t\t<\/div>\n\t\t\t\t<div class=\"elementor-element elementor-element-506259a elementor-widget elementor-widget-text-editor\" data-id=\"506259a\" data-element_type=\"widget\" data-widget_type=\"text-editor.default\">\n\t\t\t\t<div class=\"elementor-widget-container\">\n\t\t\t\t\t\t\t<p>A prescindere da eventuali danni che l'utente potrebbe subire, l'intera responsabilit\u00e0 della Societ\u00e0 e di qualsiasi suo fornitore ai sensi di qualsiasi disposizione dei presenti Termini e il rimedio esclusivo dell'utente per tutto ci\u00f2 sar\u00e0 limitato al costo pagato dall'utente, se c'\u00e8 stato un pagamento per un servizio dipendente dal proprietario dell'App. In caso contrario, la societ\u00e0 proprietaria dell'App non avr\u00e0 alcuna responsabilit\u00e0 nei confronti dell'utente.\u00a0<\/p><p>Nella misura massima consentita dalla legge applicabile, in nessun caso la Societ\u00e0 o i suoi fornitori saranno responsabili per danni speciali, incidentali, indiretti o consequenziali di qualsiasi tipo (inclusi, ma non limitati a, danni per perdita di profitti, perdita di dati o altre informazioni, per interruzione dell'attivit\u00e0, per lesioni personali, perdita di privacy derivanti da o in qualsiasi modo correlati all'utilizzo o all'impossibilit\u00e0 di utilizzare il Servizio, il software di terzi e\/o l'hardware di terzi utilizzato con il Servizio, o comunque in relazione a qualsiasi disposizione dei presenti Termini), anche se la Societ\u00e0 o qualsiasi fornitore \u00e8 stato avvisato della possibilit\u00e0 di tali danni e anche se il rimedio fallisce il suo scopo essenziale.<\/p><p>Alcuni Stati non consentono l'esclusione di garanzie implicite o la limitazione di responsabilit\u00e0 per danni incidentali o consequenziali, il che significa che alcune delle limitazioni di cui sopra potrebbero non essere applicabili. In questi Stati, la responsabilit\u00e0 di ciascuna parte sar\u00e0 limitata nella misura massima consentita dalla legge.<\/p>\t\t\t\t\t\t<\/div>\n\t\t\t\t<\/div>\n\t\t\t\t<div class=\"elementor-element elementor-element-f9a02d2 elementor-widget elementor-widget-heading\" data-id=\"f9a02d2\" data-element_type=\"widget\" data-widget_type=\"heading.default\">\n\t\t\t\t<div class=\"elementor-widget-container\">\n\t\t\t<h3 class=\"elementor-heading-title elementor-size-default\">\"COS\u00cc COM'\u00c8\" e \"COME DISPONIBILE\" Disclaimer<\/h3>\t\t<\/div>\n\t\t\t\t<\/div>\n\t\t\t\t<div class=\"elementor-element elementor-element-f984acf elementor-widget elementor-widget-text-editor\" data-id=\"f984acf\" data-element_type=\"widget\" data-widget_type=\"text-editor.default\">\n\t\t\t\t<div class=\"elementor-widget-container\">\n\t\t\t\t\t\t\t<p>Il Servizio viene fornito all'Utente \"COS\u00cc COM'\u00c8\" e \"COME DISPONIBILE\" e con tutti i difetti e le mancanze senza alcun tipo di garanzia. Nella misura massima consentita dalla legge applicabile, la Societ\u00e0, per conto proprio e per conto delle sue Affiliate e dei suoi rispettivi licenziatari e fornitori di servizi, declina espressamente tutte le garanzie, espresse, implicite, legali o di altro tipo, in relazione al Servizio, comprese tutte le garanzie implicite di commerciabilit\u00e0, idoneit\u00e0 per uno scopo particolare, titolarit\u00e0 e non violazione, e le garanzie che possono derivare da un comportamento commerciale, dall'esecuzione, dagli usi o dalla prassi commerciale. Senza limitazioni a quanto sopra, la Societ\u00e0 non fornisce alcuna garanzia o impegno e non dichiara in alcun modo che il Servizio soddisfer\u00e0 i requisiti dell'Utente, raggiunger\u00e0 i risultati previsti, sar\u00e0 compatibile o funzioner\u00e0 con qualsiasi altro software, applicazione, sistema o servizio, funzioner\u00e0 senza interruzioni, soddisfer\u00e0 qualsiasi standard di prestazione o affidabilit\u00e0 o sar\u00e0 privo di errori o che qualsiasi errore o difetto potr\u00e0 essere corretto.<\/p><p>Senza limitare quanto sopra, n\u00e9 la Societ\u00e0 n\u00e9 alcuno dei suoi fornitori rilascia alcuna dichiarazione o garanzia di alcun tipo, espressa o implicita: (i) in merito al funzionamento o alla disponibilit\u00e0 del Servizio, o alle informazioni, ai contenuti, ai materiali o ai prodotti in esso inclusi; (ii) che il Servizio sar\u00e0 ininterrotto o privo di errori; (iii) in merito all'accuratezza, all'affidabilit\u00e0 o all'attualit\u00e0 di qualsiasi informazione o contenuto fornito attraverso il Servizio; o (iv) che il Servizio, i suoi server, i contenuti o le e-mail inviate da o per conto della Societ\u00e0 siano privi di virus, script, Trojan, worm, malware, timebomb o altri componenti dannosi.<\/p><p>Alcune giurisdizioni non consentono l'esclusione di alcuni tipi di garanzie o limitazioni dei diritti legali applicabili a un consumatore, pertanto alcune o tutte le esclusioni e limitazioni di cui sopra potrebbero non essere applicabili all'Utente. In tal caso, tuttavia, le esclusioni e le limitazioni di cui alla presente sezione saranno applicate nella massima misura possibile ai sensi della legge applicabile.<\/p>\t\t\t\t\t\t<\/div>\n\t\t\t\t<\/div>\n\t\t\t\t<div class=\"elementor-element elementor-element-6575c17 elementor-widget elementor-widget-heading\" data-id=\"6575c17\" data-element_type=\"widget\" data-widget_type=\"heading.default\">\n\t\t\t\t<div class=\"elementor-widget-container\">\n\t\t\t<h3 class=\"elementor-heading-title elementor-size-default\">Legge applicabile<\/h3>\t\t<\/div>\n\t\t\t\t<\/div>\n\t\t\t\t<div class=\"elementor-element elementor-element-43a86ba elementor-widget elementor-widget-text-editor\" data-id=\"43a86ba\" data-element_type=\"widget\" data-widget_type=\"text-editor.default\">\n\t\t\t\t<div class=\"elementor-widget-container\">\n\t\t\t\t\t\t\t<p>Le leggi del Paese, escluse le norme sui conflitti di legge, disciplinano i presenti Termini e l'utilizzo del Servizio da parte dell'Utente. L'utilizzo dell'Applicazione da parte dell'Utente pu\u00f2 essere soggetto anche ad altre leggi locali, statali, nazionali o internazionali.<\/p>\t\t\t\t\t\t<\/div>\n\t\t\t\t<\/div>\n\t\t\t\t<div class=\"elementor-element elementor-element-1910bf1 elementor-widget elementor-widget-heading\" data-id=\"1910bf1\" data-element_type=\"widget\" data-widget_type=\"heading.default\">\n\t\t\t\t<div class=\"elementor-widget-container\">\n\t\t\t<h3 class=\"elementor-heading-title elementor-size-default\">Risoluzione delle controversie<\/h3>\t\t<\/div>\n\t\t\t\t<\/div>\n\t\t\t\t<div class=\"elementor-element elementor-element-371421b elementor-widget elementor-widget-text-editor\" data-id=\"371421b\" data-element_type=\"widget\" data-widget_type=\"text-editor.default\">\n\t\t\t\t<div class=\"elementor-widget-container\">\n\t\t\t\t\t\t\t<p>In caso di dubbi o controversie sul Servizio, l'Utente si impegna a cercare di risolvere la controversia in modo informale contattando la Societ\u00e0.<\/p>\t\t\t\t\t\t<\/div>\n\t\t\t\t<\/div>\n\t\t\t\t<div class=\"elementor-element elementor-element-8d58d17 elementor-widget elementor-widget-heading\" data-id=\"8d58d17\" data-element_type=\"widget\" data-widget_type=\"heading.default\">\n\t\t\t\t<div class=\"elementor-widget-container\">\n\t\t\t<h3 class=\"elementor-heading-title elementor-size-default\">Per gli utenti dell'Unione Europea (UE)<\/h3>\t\t<\/div>\n\t\t\t\t<\/div>\n\t\t\t\t<div class=\"elementor-element elementor-element-67d9550 elementor-widget elementor-widget-text-editor\" data-id=\"67d9550\" data-element_type=\"widget\" data-widget_type=\"text-editor.default\">\n\t\t\t\t<div class=\"elementor-widget-container\">\n\t\t\t\t\t\t\t<p>Se siete un consumatore dell'Unione Europea, beneficerete di tutte le disposizioni obbligatorie della legge del paese in cui risiedete.<\/p>\t\t\t\t\t\t<\/div>\n\t\t\t\t<\/div>\n\t\t\t\t<div class=\"elementor-element elementor-element-709c2d5 elementor-widget elementor-widget-heading\" data-id=\"709c2d5\" data-element_type=\"widget\" data-widget_type=\"heading.default\">\n\t\t\t\t<div class=\"elementor-widget-container\">\n\t\t\t<h2 class=\"elementor-heading-title elementor-size-default\">Separabilit\u00e0 e rinuncia<\/h2>\t\t<\/div>\n\t\t\t\t<\/div>\n\t\t\t\t<div class=\"elementor-element elementor-element-d89ab04 elementor-widget elementor-widget-heading\" data-id=\"d89ab04\" data-element_type=\"widget\" data-widget_type=\"heading.default\">\n\t\t\t\t<div class=\"elementor-widget-container\">\n\t\t\t<h4 class=\"elementor-heading-title elementor-size-default\">Separabilit\u00e0<\/h4>\t\t<\/div>\n\t\t\t\t<\/div>\n\t\t\t\t<div class=\"elementor-element elementor-element-9836a0f elementor-widget elementor-widget-text-editor\" data-id=\"9836a0f\" data-element_type=\"widget\" data-widget_type=\"text-editor.default\">\n\t\t\t\t<div class=\"elementor-widget-container\">\n\t\t\t\t\t\t\t<p>Se una qualsiasi disposizione dei presenti Termini \u00e8 ritenuta inapplicabile o non valida, tale disposizione sar\u00e0 modificata e interpretata in modo da raggiungere gli obiettivi di tale disposizione nella massima misura possibile ai sensi della legge applicabile e le restanti disposizioni continueranno a essere pienamente valide ed efficaci.<\/p>\t\t\t\t\t\t<\/div>\n\t\t\t\t<\/div>\n\t\t\t\t<div class=\"elementor-element elementor-element-24e3b9c elementor-widget elementor-widget-heading\" data-id=\"24e3b9c\" data-element_type=\"widget\" data-widget_type=\"heading.default\">\n\t\t\t\t<div class=\"elementor-widget-container\">\n\t\t\t<h4 class=\"elementor-heading-title elementor-size-default\">Rinuncia<\/h4>\t\t<\/div>\n\t\t\t\t<\/div>\n\t\t\t\t<div class=\"elementor-element elementor-element-1ba23cb elementor-widget elementor-widget-text-editor\" data-id=\"1ba23cb\" data-element_type=\"widget\" data-widget_type=\"text-editor.default\">\n\t\t\t\t<div class=\"elementor-widget-container\">\n\t\t\t\t\t\t\t<p>Salvo quanto previsto nel presente documento, il mancato esercizio di un diritto o la mancata richiesta di adempimento di un obbligo ai sensi dei presenti Termini non pregiudica la possibilit\u00e0 di una parte di esercitare tale diritto o di richiedere tale adempimento in qualsiasi momento successivo, n\u00e9 la rinuncia a una violazione costituisce una rinuncia a qualsiasi violazione successiva.<\/p>\t\t\t\t\t\t<\/div>\n\t\t\t\t<\/div>\n\t\t\t\t<div class=\"elementor-element elementor-element-5bfbe63 elementor-widget elementor-widget-heading\" data-id=\"5bfbe63\" data-element_type=\"widget\" data-widget_type=\"heading.default\">\n\t\t\t\t<div class=\"elementor-widget-container\">\n\t\t\t<h3 class=\"elementor-heading-title elementor-size-default\">Interpretazione della Traduzione<\/h3>\t\t<\/div>\n\t\t\t\t<\/div>\n\t\t\t\t<div class=\"elementor-element elementor-element-9d09655 elementor-widget elementor-widget-text-editor\" data-id=\"9d09655\" data-element_type=\"widget\" data-widget_type=\"text-editor.default\">\n\t\t\t\t<div class=\"elementor-widget-container\">\n\t\t\t\t\t\t\t<p>I presenti Termini e condizioni possono essere stati tradotti se la Societ\u00e0 li ha messi a disposizione dell'Utente sul proprio Servizio. L'Utente accetta che il testo originale in inglese prevalga in caso di controversia.<\/p>\t\t\t\t\t\t<\/div>\n\t\t\t\t<\/div>\n\t\t\t\t<div class=\"elementor-element elementor-element-fa16044 elementor-widget elementor-widget-heading\" data-id=\"fa16044\" data-element_type=\"widget\" data-widget_type=\"heading.default\">\n\t\t\t\t<div class=\"elementor-widget-container\">\n\t\t\t<h3 class=\"elementor-heading-title elementor-size-default\">Modifiche ai presenti Termini e condizioni<\/h3>\t\t<\/div>\n\t\t\t\t<\/div>\n\t\t\t\t<div class=\"elementor-element elementor-element-ec1112a elementor-widget elementor-widget-text-editor\" data-id=\"ec1112a\" data-element_type=\"widget\" data-widget_type=\"text-editor.default\">\n\t\t\t\t<div class=\"elementor-widget-container\">\n\t\t\t\t\t\t\t<p>Ci riserviamo il diritto, a nostra esclusiva discrezione, di modificare o sostituire le presenti Condizioni in qualsiasi momento. In caso di modifiche sostanziali, ci impegneremo a fornire un preavviso di almeno 30 giorni prima dell'entrata in vigore dei nuovi termini. Ci\u00f2 che costituisce una modifica sostanziale sar\u00e0 determinato a Nostra esclusiva discrezione.<\/p><p>Continuando ad accedere o a utilizzare il nostro Servizio dopo l'entrata in vigore di tali revisioni, l'Utente accetta di essere vincolato ai termini rivisti. Se l'Utente non accetta i nuovi termini, in tutto o in parte, \u00e8 pregato di interrompere l'utilizzo del sito web e del Servizio.<\/p>\t\t\t\t\t\t<\/div>\n\t\t\t\t<\/div>\n\t\t\t\t<div class=\"elementor-element elementor-element-2a750ea elementor-widget elementor-widget-heading\" data-id=\"2a750ea\" data-element_type=\"widget\" data-widget_type=\"heading.default\">\n\t\t\t\t<div class=\"elementor-widget-container\">\n\t\t\t<h2 class=\"elementor-heading-title elementor-size-default\">Contattaci<\/h2>\t\t<\/div>\n\t\t\t\t<\/div>\n\t\t\t\t<div class=\"elementor-element elementor-element-3b58433 elementor-widget elementor-widget-text-editor\" data-id=\"3b58433\" data-element_type=\"widget\" data-widget_type=\"text-editor.default\">\n\t\t\t\t<div class=\"elementor-widget-container\">\n\t\t\t\t\t\t\t<p>Se avete domande su questi Termini e Condizioni, potete contattarci:<\/p><ul><li aria-level=\"1\">Per e-mail: highonlife.martinique@gmail.com<\/li><\/ul>\t\t\t\t\t\t<\/div>\n\t\t\t\t<\/div>\n\t\t\t\t\t<\/div>\n\t\t<\/div>\n\t\t\t\t\t\t\t<\/div>\n\t\t<\/section>\n\t\t\t\t\t\t<\/div>\n\t\t\t\t\t<\/div>","protected":false},"excerpt":{"rendered":"<p>Last updated: December 28, 2022 Please read these terms and conditions carefully before using Our Service. Interpretation and Definitions Interpretation The words of which the initial letter is capitalized have meanings defined under the following conditions. The following definitions shall have the [&hellip;]<\/p>","protected":false},"author":1,"featured_media":0,"parent":0,"menu_order":0,"comment_status":"closed","ping_status":"closed","template":"","meta":[],"_links":{"self":[{"href":"https:\/\/www.digitalarttherapy.eu\/it\/wp-json\/wp\/v2\/pages\/427"}],"collection":[{"href":"https:\/\/www.digitalarttherapy.eu\/it\/wp-json\/wp\/v2\/pages"}],"about":[{"href":"https:\/\/www.digitalarttherapy.eu\/it\/wp-json\/wp\/v2\/types\/page"}],"author":[{"embeddable":true,"href":"https:\/\/www.digitalarttherapy.eu\/it\/wp-json\/wp\/v2\/users\/1"}],"replies":[{"embeddable":true,"href":"https:\/\/www.digitalarttherapy.eu\/it\/wp-json\/wp\/v2\/comments?post=427"}],"version-history":[{"count":4,"href":"https:\/\/www.digitalarttherapy.eu\/it\/wp-json\/wp\/v2\/pages\/427\/revisions"}],"predecessor-version":[{"id":431,"href":"https:\/\/www.digitalarttherapy.eu\/it\/wp-json\/wp\/v2\/pages\/427\/revisions\/431"}],"wp:attachment":[{"href":"https:\/\/www.digitalarttherapy.eu\/it\/wp-json\/wp\/v2\/media?parent=427"}],"curies":[{"name":"wp","href":"https:\/\/api.w.org\/{rel}","templated":true}]}}