{"id":107,"date":"2021-12-28T10:45:14","date_gmt":"2021-12-28T10:45:14","guid":{"rendered":"https:\/\/www.digitalarttherapy.eu\/?page_id=107"},"modified":"2022-01-24T08:16:32","modified_gmt":"2022-01-24T08:16:32","slug":"high-on-life-martenique","status":"publish","type":"page","link":"https:\/\/www.digitalarttherapy.eu\/ro\/high-on-life-martenique\/","title":{"rendered":"High on Life Martinique"},"content":{"rendered":"<div data-elementor-type=\"wp-page\" data-elementor-id=\"107\" class=\"elementor elementor-107\" data-elementor-settings=\"[]\">\n\t\t\t\t\t\t\t<div class=\"elementor-section-wrap\">\n\t\t\t\t\t\t\t<section class=\"elementor-section elementor-top-section elementor-element elementor-element-46a8964 elementor-section-boxed elementor-section-height-default elementor-section-height-default\" data-id=\"46a8964\" data-element_type=\"section\">\n\t\t\t\t\t\t<div class=\"elementor-container elementor-column-gap-default\">\n\t\t\t\t\t<div class=\"elementor-column elementor-col-100 elementor-top-column elementor-element elementor-element-860eac6\" data-id=\"860eac6\" data-element_type=\"column\">\n\t\t\t<div class=\"elementor-widget-wrap elementor-element-populated\">\n\t\t\t\t\t\t\t\t<div class=\"elementor-element elementor-element-a7f548f elementor-widget elementor-widget-text-editor\" data-id=\"a7f548f\" data-element_type=\"widget\" data-widget_type=\"text-editor.default\">\n\t\t\t\t<div class=\"elementor-widget-container\">\n\t\t\t<style>\/*! elementor - v3.5.2 - 22-12-2021 *\/\n.elementor-widget-text-editor.elementor-drop-cap-view-stacked .elementor-drop-cap{background-color:#818a91;color:#fff}.elementor-widget-text-editor.elementor-drop-cap-view-framed .elementor-drop-cap{color:#818a91;border:3px solid;background-color:transparent}.elementor-widget-text-editor:not(.elementor-drop-cap-view-default) .elementor-drop-cap{margin-top:8px}.elementor-widget-text-editor:not(.elementor-drop-cap-view-default) .elementor-drop-cap-letter{width:1em;height:1em}.elementor-widget-text-editor .elementor-drop-cap{float:left;text-align:center;line-height:1;font-size:50px}.elementor-widget-text-editor .elementor-drop-cap-letter{display:inline-block}<\/style>\t\t\t\t<p>High on life Martinique born as an antenna of \u201cHigh on Life Global Network\u201d, actually the network count with antennas in Italy, Chile, Malta and Spain.<\/p><p>High on life is a movement of people who love to travel, explore, get connected with different cultures and live all the experiences of our life with a positive attitude. \nOur mission is to create a positive and lasting impact on people and the world, focusing on the new generations! All the antennas of the network share the same aims, goals, mission and vision.   We believe that young people must become a driving force in building the society in which they live and therefore we create various opportunities in order to help shape a generation that is determined to change our countries and the world for the better.\nOur way of working is integrative and proactive, it is the young participants who will carry out and implement our future projects with our support and the support of \u201cHigh on Life Global Network\u201d<\/p><p>High on Life Martinique este un ONG bine structurat, cu toate responsabilit\u0103\u021bile \u0219i rolurile bine definite \u00een cadrul echipei. Membrii echipei noastre sunt \u00eenalt califica\u021bi, cu medii \u0219i domenii de studiu diferite \u0219i au abilit\u0103\u021bi \u00een mai multe domenii, cum ar fi munca pentru tineret, educa\u021bie non-formal\u0103, antreprenoriat, comunicare, social media, mediu, drepturile omului etc.\nSuntem un grup de tineri cu experien\u021b\u0103 \u00een programe europene, domeniul asociativ \u0219i \u00eenv\u0103\u021barea non-formal\u0103. Vrem s\u0103 \u00eemp\u0103rt\u0103\u0219im spiritul nostru agitat cu al\u021bi tineri din \u021b\u0103rile Caraibe de peste m\u0103ri, Europa \u0219i lume. Avem voca\u021bie interna\u021bional\u0103 \u0219i oferim tinerilor at\u00e2t din Martinica, c\u00e2t \u0219i din Europa s\u0103 se al\u0103ture proiectelor noastre.<\/p>\t\t\t\t\t\t<\/div>\n\t\t\t\t<\/div>\n\t\t\t\t\t<\/div>\n\t\t<\/div>\n\t\t\t\t\t\t\t<\/div>\n\t\t<\/section>\n\t\t\t\t\t\t<\/div>\n\t\t\t\t\t<\/div>","protected":false},"excerpt":{"rendered":"<p>High on life Martinique born as an antenna of \u201cHigh on Life Global Network\u201d, actually the network count with antennas in Italy, Chile, Malta and Spain. High on life is a movement of people who love to travel, explore, get connected with [&hellip;]<\/p>","protected":false},"author":1,"featured_media":0,"parent":0,"menu_order":0,"comment_status":"closed","ping_status":"closed","template":"","meta":[],"_links":{"self":[{"href":"https:\/\/www.digitalarttherapy.eu\/ro\/wp-json\/wp\/v2\/pages\/107"}],"collection":[{"href":"https:\/\/www.digitalarttherapy.eu\/ro\/wp-json\/wp\/v2\/pages"}],"about":[{"href":"https:\/\/www.digitalarttherapy.eu\/ro\/wp-json\/wp\/v2\/types\/page"}],"author":[{"embeddable":true,"href":"https:\/\/www.digitalarttherapy.eu\/ro\/wp-json\/wp\/v2\/users\/1"}],"replies":[{"embeddable":true,"href":"https:\/\/www.digitalarttherapy.eu\/ro\/wp-json\/wp\/v2\/comments?post=107"}],"version-history":[{"count":6,"href":"https:\/\/www.digitalarttherapy.eu\/ro\/wp-json\/wp\/v2\/pages\/107\/revisions"}],"predecessor-version":[{"id":221,"href":"https:\/\/www.digitalarttherapy.eu\/ro\/wp-json\/wp\/v2\/pages\/107\/revisions\/221"}],"wp:attachment":[{"href":"https:\/\/www.digitalarttherapy.eu\/ro\/wp-json\/wp\/v2\/media?parent=107"}],"curies":[{"name":"wp","href":"https:\/\/api.w.org\/{rel}","templated":true}]}}